{"id":536,"date":"2023-07-25T21:47:19","date_gmt":"2023-07-25T21:47:19","guid":{"rendered":"http:\/\/www.bemadent.com\/contact\/"},"modified":"2023-10-02T11:23:00","modified_gmt":"2023-10-02T11:23:00","slug":"contact","status":"publish","type":"page","link":"http:\/\/www.bemadent.com\/en\/contact\/","title":{"rendered":"Contact"},"content":{"rendered":"  <div id=\"page-header-1431831047\" class=\"page-header-wrapper\">\n  <div class=\"page-title dark featured-title\">\n\n    \n    <div class=\"page-title-inner container align-center flex-row medium-flex-wrap\" >\n              <div class=\"title-wrapper flex-col text-left medium-text-center\">\n          <h1 class=\"entry-title mb-0\">\n            Contact          <\/h1>\n        <\/div>\n                    <div class=\"title-content flex-col flex-right text-right medium-text-center\">\n        <div class=\"title-breadcrumbs pb-half pt-half\"><\/div>      <\/div>\n    <\/div>\n\n       <\/div>\n    <\/div>\n  \n\t<section class=\"section\" id=\"section_440514280\">\n\t\t<div class=\"bg section-bg fill bg-fill  bg-loaded\" >\n\n\t\t\t\n\t\t\t<div class=\"section-bg-overlay absolute fill\"><\/div>\n\t\t\t\n\t<div class=\"is-border\"\n\t\tstyle=\"border-color:rgb(235, 235, 235);border-width:1px 0px 0px 0px;\">\n\t<\/div>\n\n\t\t<\/div>\n\n\t\t<div class=\"section-content relative\">\n\t\t\t\n<div class=\"row row-large align-middle align-center\"  id=\"row-25210449\">\n\n\t<div id=\"col-1268534844\" class=\"col medium-6 small-12 large-6\"  >\n\t\t<div class=\"col-inner box-shadow-2 box-shadow-5-hover\" style=\"background-color:rgb(255, 255, 255);\" >\n\t\t\t\n\t\t\t\n<p><iframe loading=\"lazy\" style=\"border: 0;\" src=\"https:\/\/www.google.com\/maps\/embed?pb=!1m18!1m12!1m3!1d3012.0739016643765!2d29.08024637652698!3d40.979862571354474!2m3!1f0!2f0!3f0!3m2!1i1024!2i768!4f13.1!3m3!1m2!1s0x14cac7e91585e699%3A0xe83f4347b05c055c!2zQkVNQURFTlQgQcSfxLF6IHZlIERpxZ8gU2HEn2zEscSfxLEgUG9saWtsaW5pxJ9p!5e0!3m2!1str!2str!4v1696103364280!5m2!1str!2str\" width=\"600\" height=\"450\" allowfullscreen=\"allowfullscreen\" data-mce-fragment=\"1\"><\/iframe><\/p>\n\t\t<\/div>\n\t\t\n<style>\n#col-1268534844 > .col-inner {\n  padding: 15px 15px 15px 15px;\n}\n<\/style>\n\t<\/div>\n\n\t\n\n\t<div id=\"col-351248867\" class=\"col medium-6 small-12 large-6\"  >\n\t\t<div class=\"col-inner text-center dark\"  >\n\t\t\t\n\t\t\t\n<h1 class=\"DUwDvf lfPIob\"><span style=\"font-size: 80%;\">\u00d6zel BEMADENT A\u011f\u0131z ve Di\u015f Sa\u011fl\u0131\u011f\u0131 Poliklini\u011fi<\/span><\/h1>\n<p style=\"text-align: left;\"><strong>Sahray\u0131 Cedit \u0130n\u00f6n\u00fc Cd. No:35D 34734 Kad\u0131k\u00f6y\/\u0130stanbul<\/strong><\/p>\n<p style=\"text-align: left;\"><span style=\"font-size: 110%;\">Tel\u00a0 \u00a0 : 0216 759 59 00<\/span><br \/>\n<span style=\"font-size: 110%;\">Gsm : 0 532 633 23 98<\/span><br \/>\n<span style=\"font-size: 110%;\">www.bemadent.com.tr<\/span><br \/>\n<span style=\"font-size: 110%;\">Instagram : <a href=\"https:\/\/www.instagram.com\/bemadent.ist\/\" target=\"_blank\" rel=\"noopener\">bemadent.ist<\/a><\/span><\/p>\n\t\t<\/div>\n\t\t\t<\/div>\n\n\t\n<\/div>\n\t\t<\/div>\n\n\t\t\n<style>\n#section_440514280 {\n  padding-top: 59px;\n  padding-bottom: 59px;\n  min-height: 300px;\n  background-color: rgb(82, 38, 127);\n}\n#section_440514280 .section-bg-overlay {\n  background-color: rgba(0,0,0,.5);\n}\n<\/style>\n\t<\/section>\n\t\n","protected":false},"excerpt":{"rendered":"","protected":false},"author":1,"featured_media":0,"parent":0,"menu_order":0,"comment_status":"closed","ping_status":"closed","template":"","meta":{"_joinchat":[],"footnotes":""},"class_list":["post-536","page","type-page","status-publish","hentry"],"_links":{"self":[{"href":"http:\/\/www.bemadent.com\/en\/wp-json\/wp\/v2\/pages\/536","targetHints":{"allow":["GET"]}}],"collection":[{"href":"http:\/\/www.bemadent.com\/en\/wp-json\/wp\/v2\/pages"}],"about":[{"href":"http:\/\/www.bemadent.com\/en\/wp-json\/wp\/v2\/types\/page"}],"author":[{"embeddable":true,"href":"http:\/\/www.bemadent.com\/en\/wp-json\/wp\/v2\/users\/1"}],"replies":[{"embeddable":true,"href":"http:\/\/www.bemadent.com\/en\/wp-json\/wp\/v2\/comments?post=536"}],"version-history":[{"count":2,"href":"http:\/\/www.bemadent.com\/en\/wp-json\/wp\/v2\/pages\/536\/revisions"}],"predecessor-version":[{"id":752,"href":"http:\/\/www.bemadent.com\/en\/wp-json\/wp\/v2\/pages\/536\/revisions\/752"}],"wp:attachment":[{"href":"http:\/\/www.bemadent.com\/en\/wp-json\/wp\/v2\/media?parent=536"}],"curies":[{"name":"wp","href":"https:\/\/api.w.org\/{rel}","templated":true}]}}