{"id":581,"date":"2023-09-02T20:18:33","date_gmt":"2023-09-02T20:18:33","guid":{"rendered":"http:\/\/www.bemadent.com\/?page_id=581"},"modified":"2023-09-18T09:03:06","modified_gmt":"2023-09-18T09:03:06","slug":"cosmetic-dentistry","status":"publish","type":"page","link":"http:\/\/www.bemadent.com\/en\/treatments\/aesthetic-dentistry-applications\/cosmetic-dentistry\/","title":{"rendered":"Cosmetic Dentistry"},"content":{"rendered":"  <div id=\"page-header-542360244\" class=\"page-header-wrapper\">\n  <div class=\"page-title dark featured-title\">\n\n        <div class=\"page-title-bg\">\n      <div class=\"title-bg fill bg-fill\"\n        data-parallax-container=\".page-title\"\n        data-parallax-background\n        data-parallax=\"-\">\n      <\/div>\n      <div class=\"title-overlay fill\"><\/div>\n    <\/div>\n    \n    <div class=\"page-title-inner container align-center flex-row medium-flex-wrap\" >\n              <div class=\"title-wrapper flex-col text-left medium-text-center\">\n          <h1 class=\"entry-title mb-0\">\n            Cosmetic Dentistry          <\/h1>\n        <\/div>\n                    <div class=\"title-content flex-col flex-right text-right medium-text-center\">\n        <div class=\"title-breadcrumbs pb-half pt-half\"><\/div>      <\/div>\n    <\/div>\n\n     \n<style>\n#page-header-542360244 .title-bg {\n  background-image: url(http:\/\/www.bemadent.com\/wp-content\/uploads\/2023\/09\/Dis-Eti-Estetigi.jpg);\n}\n<\/style>\n  <\/div>\n    <\/div>\n  \n<div class=\"row row-full-width\"  id=\"row-949818802\">\n\n\t<div id=\"col-1194577740\" class=\"col medium-8 small-12 large-8\"  >\n\t\t<div class=\"col-inner\"  >\n\t\t\t\n\t\t\t\n<h4>What is Cosmetic Dentistry?<\/h4>\n<p>Aesthetically, the visual outlook of the gums is as important as the appearance of the teeth. No matter how beautiful the appearance of teeth or prostheses, they lose their importance in the presence of aesthetically deficient gums. It is very important that these structures, which form a frame for the teeth together with the lips, are visually pleasing.<\/p>\n<p>Edema, bruising and bleeding gums due to dental stones and gingivitis are the most common problems. In the follow-up checks of the treatment administered by the physician, the patient should pay attention to oral hygiene. With the developing technology, the use of laser in these treatments shortens the treatment process and reduces its recurrence. With the use of laser after mechanical cleaning, bacteria that cause pocket formation are easily cleaned.<\/p>\n\t\t<\/div>\n\t\t\t<\/div>\n\n\t\n\n\t<div id=\"col-1554505606\" class=\"col medium-4 small-12 large-4\"  >\n\t\t<div class=\"col-inner\"  >\n\t\t\t\n\t\t\t\n\t<div class=\"img has-hover x md-x lg-x y md-y lg-y\" id=\"image_626995756\">\n\t\t\t\t\t\t\t\t<div class=\"img-inner dark\" >\n\t\t\t<img loading=\"lazy\" decoding=\"async\" width=\"600\" height=\"337\" src=\"http:\/\/www.bemadent.com\/wp-content\/uploads\/2023\/09\/Dis-Eti-Estetigi.jpg\" class=\"attachment-large size-large\" alt=\"\" srcset=\"http:\/\/www.bemadent.com\/wp-content\/uploads\/2023\/09\/Dis-Eti-Estetigi.jpg 600w, http:\/\/www.bemadent.com\/wp-content\/uploads\/2023\/09\/Dis-Eti-Estetigi-300x169.jpg 300w\" sizes=\"auto, (max-width: 600px) 100vw, 600px\" \/>\t\t\t\t\t\t\n\t\t\t\t\t<\/div>\n\t\t\t\t\t\t\t\t\n<style>\n#image_626995756 {\n  width: 100%;\n}\n<\/style>\n\t<\/div>\n\t\n\t\t<\/div>\n\t\t\t<\/div>\n\n\t\n<\/div>\n<p>Di\u015f ta\u015flar\u0131na ve di\u015f eti iltihab\u0131na ba\u011fl\u0131 olu\u015fan \u00f6dem, morarma, kanamal\u0131 di\u015f etleri en s\u0131k kar\u015f\u0131la\u015f\u0131lan problemlerdendir. Hekim taraf\u0131ndan uygulanan tedavi takibinde, hastan\u0131n oral hijyenine dikkat etmesi gerekir. Geli\u015fen teknolojiyle beraber, bu tedavilerde lazer kullan\u0131m\u0131 tedavi s\u00fcrecini k\u0131saltmakta ve tekrarlamas\u0131n\u0131 azaltmaktad\u0131r. Mekanik temizli\u011fin ard\u0131nan lazer kullan\u0131m\u0131 ile cep olu\u015fumuna yol a\u00e7an bakteriler rahatl\u0131kla temizlenir.<\/p>\n<p>\u201cGummy Smile\u201d olarak adland\u0131rd\u0131\u011f\u0131m\u0131z, g\u00fcl\u00fcmseme esnas\u0131nda di\u015f etlerinin normalden fazla g\u00f6r\u00fcnmesi durumu lazer ile \u00e7\u00f6z\u00fcm bulabilir. G\u00fcl\u00fcmseme hatt\u0131 belirlenir ve m\u00fcmk\u00fcn olan ideal ko\u015fullarda di\u015f etlerindeki fazlal\u0131klara m\u00fcdahale edilir. Bu i\u015flem lazer uygulamas\u0131 sayesinde neredeyse hi\u00e7 kanama olmadan ve a\u011fr\u0131 hissedilmeden kolayl\u0131kla yap\u0131l\u0131r. \u0130\u015flemin hem cerrahisi hem de sonras\u0131nda hastan\u0131n konforu neredeyse hi\u00e7 etkilenmez. Ayr\u0131ca bu y\u00f6ntemle iyile\u015fme s\u00fcresi olduk\u00e7a k\u0131salmaktad\u0131r.<\/p>\n<p>Ya\u015fla beraber veya di\u015f eti problemlerine ba\u011fl\u0131, di\u015f etinde \u00e7ekilmeler meydana gelebilir. Buradaki g\u00f6rsel a\u00e7\u0131dan en b\u00fcy\u00fck problem, di\u015flerin aras\u0131ndaki siyah bo\u015fluklard\u0131r. \u00c7ekilmeye ba\u011fl\u0131 di\u015flerin uzam\u0131\u015f gibi g\u00f6r\u00fcnmesi de estetik a\u00e7\u0131dan olduk\u00e7a olumsuz bir durumdur. Bu gibi durumlarda di\u015f eti eklemesi yaparak bu bo\u015fluklar kapat\u0131labilir.\u00a0 Geli\u015fen cerrahi teknikler, sa\u011fl\u0131k ve estetik anlamda ba\u015far\u0131 \u015fans\u0131n\u0131 artt\u0131rmaktad\u0131r.<\/p>\n<p>Esmer bireylerdeki melanin pigmentasyonu di\u015f etinin rengini koyula\u015ft\u0131rmaktad\u0131r. Bu koyula\u015fman\u0131n di\u011fer sebebi de sigara kullan\u0131m\u0131d\u0131r. Di\u015f etindeki bu renklenmeler, tek seansta lazer tedavisiyle rahatl\u0131kla giderilmektedir.<\/p>\n","protected":false},"excerpt":{"rendered":"<p>Di\u015f ta\u015flar\u0131na ve di\u015f eti iltihab\u0131na ba\u011fl\u0131 olu\u015fan \u00f6dem, morarma, kanamal\u0131 di\u015f etleri en s\u0131k kar\u015f\u0131la\u015f\u0131lan problemlerdendir. Hekim taraf\u0131ndan uygulanan tedavi takibinde, hastan\u0131n oral hijyenine dikkat etmesi gerekir. Geli\u015fen teknolojiyle beraber, bu tedavilerde lazer kullan\u0131m\u0131 tedavi s\u00fcrecini k\u0131saltmakta ve tekrarlamas\u0131n\u0131 azaltmaktad\u0131r. Mekanik temizli\u011fin ard\u0131nan lazer kullan\u0131m\u0131 ile cep olu\u015fumuna yol a\u00e7an bakteriler rahatl\u0131kla temizlenir. \u201cGummy [&#8230;]\n","protected":false},"author":2,"featured_media":399,"parent":577,"menu_order":0,"comment_status":"closed","ping_status":"closed","template":"","meta":{"_joinchat":[],"footnotes":""},"class_list":["post-581","page","type-page","status-publish","has-post-thumbnail","hentry"],"_links":{"self":[{"href":"http:\/\/www.bemadent.com\/en\/wp-json\/wp\/v2\/pages\/581","targetHints":{"allow":["GET"]}}],"collection":[{"href":"http:\/\/www.bemadent.com\/en\/wp-json\/wp\/v2\/pages"}],"about":[{"href":"http:\/\/www.bemadent.com\/en\/wp-json\/wp\/v2\/types\/page"}],"author":[{"embeddable":true,"href":"http:\/\/www.bemadent.com\/en\/wp-json\/wp\/v2\/users\/2"}],"replies":[{"embeddable":true,"href":"http:\/\/www.bemadent.com\/en\/wp-json\/wp\/v2\/comments?post=581"}],"version-history":[{"count":1,"href":"http:\/\/www.bemadent.com\/en\/wp-json\/wp\/v2\/pages\/581\/revisions"}],"predecessor-version":[{"id":582,"href":"http:\/\/www.bemadent.com\/en\/wp-json\/wp\/v2\/pages\/581\/revisions\/582"}],"up":[{"embeddable":true,"href":"http:\/\/www.bemadent.com\/en\/wp-json\/wp\/v2\/pages\/577"}],"wp:featuredmedia":[{"embeddable":true,"href":"http:\/\/www.bemadent.com\/en\/wp-json\/wp\/v2\/media\/399"}],"wp:attachment":[{"href":"http:\/\/www.bemadent.com\/en\/wp-json\/wp\/v2\/media?parent=581"}],"curies":[{"name":"wp","href":"https:\/\/api.w.org\/{rel}","templated":true}]}}